{"id":757,"date":"2023-01-07T00:41:46","date_gmt":"2023-01-07T00:41:46","guid":{"rendered":"https:\/\/jorgesanchezpaniagua.com\/?page_id=757"},"modified":"2025-12-05T09:33:02","modified_gmt":"2025-12-05T09:33:02","slug":"blog","status":"publish","type":"page","link":"https:\/\/jorgesanchezpaniagua.com\/en\/blog","title":{"rendered":"Blog"},"content":{"rendered":"<h1 class=\"wp-block-heading has-text-align-center\" style=\"font-size:40px\">Blog: Leadership, Career, and Professional Branding<\/h1>\n\n\n\n<p><\/p>\n\n\n\n<p>In this space, I share perspectives and practical tools on <strong>Leadership, Personal Branding, Career Development, and Executive Coaching<\/strong>, four essential pillars for developing talent, strengthening teams, and driving sustainable impact within any organization.<\/p>\n\n\n\n<p>My approach combines experience, rigor, and a forward-looking mindset, aiming to offer actionable insights that help professionals and companies make better decisions and progress with clarity in complex environments.<\/p>\n\n\n\n<p>If you are looking to elevate your leadership, advance your career, or enhance team performance, you will find ideas and frameworks here designed to support that journey.<\/p>\n\n\n\n<p>Feel free to comment on my articles, sharing your opinions and personal point of view, as they will undoubtedly enrich the readers and the community.<\/p>\n\n\n\n<p>If you are interested in receiving the posts that I publish going forward, leave me your contact email.<\/p>\n\n\n\n<p><\/p>\n\n\n\n<div style=\"height:50px\" aria-hidden=\"true\" class=\"wp-block-spacer\"><\/div>\n\n\n\n<h3 class=\"wp-block-heading\">Recent posts<\/h3>\n\n\n\n<hr class=\"wp-block-separator has-alpha-channel-opacity is-style-wide\"\/>\n\n\n<ul class=\"wp-block-latest-posts__list wp-block-latest-posts\"><li><a class=\"wp-block-latest-posts__post-title\" href=\"https:\/\/jorgesanchezpaniagua.com\/en\/la-gratitud-como-camino-hacia-una-mejor-version-de-ti-mismo\">Gratitude as a path to your best self<\/a><\/li>\n<li><a class=\"wp-block-latest-posts__post-title\" href=\"https:\/\/jorgesanchezpaniagua.com\/en\/factores-para-maximizar-tu-empleabilidad\">The 7 key factors to maximize your potential employability<\/a><\/li>\n<li><a class=\"wp-block-latest-posts__post-title\" href=\"https:\/\/jorgesanchezpaniagua.com\/en\/lider-coach-las-10-competencias-clave\">Leader coach wanted: The 10 key competencies of the profile most in demand by companies<\/a><\/li>\n<li><a class=\"wp-block-latest-posts__post-title\" href=\"https:\/\/jorgesanchezpaniagua.com\/en\/el-mejor-coach-ejecutivo-del-mundo\"><strong>The best executive coach in the world<\/strong><\/a><\/li>\n<li><a class=\"wp-block-latest-posts__post-title\" href=\"https:\/\/jorgesanchezpaniagua.com\/en\/gestionar-marca-personal\">The 10 steps to start managing your personal brand<\/a><\/li>\n<\/ul>\n\n\n<p><\/p>","protected":false},"excerpt":{"rendered":"<p>Blog: Liderazgo, Carrera y Marca Profesional En este espacio comparto perspectivas y herramientas sobre Liderazgo, Marca Personal, Carrera Profesional y Coaching Ejecutivo, cuatro \u00e1reas clave para desarrollar talento, fortalecer equipos y generar impacto sostenible en cualquier organizaci\u00f3n. Mi enfoque combina experiencia, rigor y visi\u00f3n de futuro, con el objetivo de ofrecer reflexiones aplicables que ayuden [&hellip;]<\/p>\n","protected":false},"author":1,"featured_media":0,"parent":0,"menu_order":0,"comment_status":"closed","ping_status":"closed","template":"","meta":{"_monsterinsights_skip_tracking":false,"_monsterinsights_sitenote_active":false,"_monsterinsights_sitenote_note":"","_monsterinsights_sitenote_category":0,"site-sidebar-layout":"default","site-content-layout":"","ast-site-content-layout":"default","site-content-style":"default","site-sidebar-style":"default","ast-global-header-display":"","ast-banner-title-visibility":"","ast-main-header-display":"","ast-hfb-above-header-display":"","ast-hfb-below-header-display":"","ast-hfb-mobile-header-display":"","site-post-title":"disabled","ast-breadcrumbs-content":"","ast-featured-img":"","footer-sml-layout":"","ast-disable-related-posts":"","theme-transparent-header-meta":"default","adv-header-id-meta":"","stick-header-meta":"","header-above-stick-meta":"","header-main-stick-meta":"","header-below-stick-meta":"","astra-migrate-meta-layouts":"set","ast-page-background-enabled":"default","ast-page-background-meta":{"desktop":{"background-color":"var(--ast-global-color-4)","background-image":"","background-repeat":"repeat","background-position":"center center","background-size":"auto","background-attachment":"scroll","background-type":"","background-media":"","overlay-type":"","overlay-color":"","overlay-opacity":"","overlay-gradient":""},"tablet":{"background-color":"","background-image":"","background-repeat":"repeat","background-position":"center center","background-size":"auto","background-attachment":"scroll","background-type":"","background-media":"","overlay-type":"","overlay-color":"","overlay-opacity":"","overlay-gradient":""},"mobile":{"background-color":"","background-image":"","background-repeat":"repeat","background-position":"center center","background-size":"auto","background-attachment":"scroll","background-type":"","background-media":"","overlay-type":"","overlay-color":"","overlay-opacity":"","overlay-gradient":""}},"ast-content-background-meta":{"desktop":{"background-color":"var(--ast-global-color-5)","background-image":"","background-repeat":"repeat","background-position":"center center","background-size":"auto","background-attachment":"scroll","background-type":"","background-media":"","overlay-type":"","overlay-color":"","overlay-opacity":"","overlay-gradient":""},"tablet":{"background-color":"var(--ast-global-color-5)","background-image":"","background-repeat":"repeat","background-position":"center center","background-size":"auto","background-attachment":"scroll","background-type":"","background-media":"","overlay-type":"","overlay-color":"","overlay-opacity":"","overlay-gradient":""},"mobile":{"background-color":"var(--ast-global-color-5)","background-image":"","background-repeat":"repeat","background-position":"center center","background-size":"auto","background-attachment":"scroll","background-type":"","background-media":"","overlay-type":"","overlay-color":"","overlay-opacity":"","overlay-gradient":""}},"footnotes":""},"class_list":["post-757","page","type-page","status-publish","hentry"],"_links":{"self":[{"href":"https:\/\/jorgesanchezpaniagua.com\/en\/wp-json\/wp\/v2\/pages\/757","targetHints":{"allow":["GET"]}}],"collection":[{"href":"https:\/\/jorgesanchezpaniagua.com\/en\/wp-json\/wp\/v2\/pages"}],"about":[{"href":"https:\/\/jorgesanchezpaniagua.com\/en\/wp-json\/wp\/v2\/types\/page"}],"author":[{"embeddable":true,"href":"https:\/\/jorgesanchezpaniagua.com\/en\/wp-json\/wp\/v2\/users\/1"}],"replies":[{"embeddable":true,"href":"https:\/\/jorgesanchezpaniagua.com\/en\/wp-json\/wp\/v2\/comments?post=757"}],"version-history":[{"count":19,"href":"https:\/\/jorgesanchezpaniagua.com\/en\/wp-json\/wp\/v2\/pages\/757\/revisions"}],"predecessor-version":[{"id":1136,"href":"https:\/\/jorgesanchezpaniagua.com\/en\/wp-json\/wp\/v2\/pages\/757\/revisions\/1136"}],"wp:attachment":[{"href":"https:\/\/jorgesanchezpaniagua.com\/en\/wp-json\/wp\/v2\/media?parent=757"}],"curies":[{"name":"wp","href":"https:\/\/api.w.org\/{rel}","templated":true}]}}